{"id":42,"date":"2026-04-11T19:09:27","date_gmt":"2026-04-11T17:09:27","guid":{"rendered":"https:\/\/rwnart.de\/?page_id=42"},"modified":"2026-04-16T08:36:56","modified_gmt":"2026-04-16T06:36:56","slug":"start","status":"publish","type":"page","link":"https:\/\/rwnart.de\/","title":{"rendered":"Willkommen beim RWN ART e.V."},"content":{"rendered":"\n<p class=\"has-text-align-left\">Unser Verein RWN ART &#8211; Verein zur F\u00f6rderung moderner Kunst Neubrandenburg e. V. wurde gegr\u00fcndet, um Kunst und Kultur in der Region zu f\u00f6rdern. <br>Als gemeinn\u00fctziger Verein erm\u00f6glichen wir regionalen, nationalen und internationalen K\u00fcnstlerinnen und K\u00fcnstlern ihre Werke unter anderem in unserer Galerie am Hafen auf dem RWN-Gel\u00e4nde in Neubrandenburg auszustellen. Mit der Ausstellung von Malerei, Fotografien, Skulpturen, interaktiver Kunst und Lesungen will der Verein interessante Angebote f\u00fcr das kunstinteressierte Publikum unserer Region schaffen. Kunst erleben hei\u00dft f\u00fcr uns auch, Austausch \u00fcber Kunst zu erm\u00f6glichen. <br>Ob auf Ausstellungser\u00f6ffnungen oder Themenabenden, ob durch Mitmachaktionen oder Beteiligungen an Veranstaltungen wie KunstOffen oder den Kulturherbst, wir wollen aktiver Teil einer lebendigen und kunstinteressierten Gemeinschaft sein. <br>Mit viel ehrenamtlichem Engagement freuen wir uns auf ein interessiertes Publikum.<\/p>\n\n\n\n<p class=\"has-text-align-left\"><\/p>\n\n\n\n<p class=\"has-luminous-vivid-amber-background-color has-background\">Unsere aktuellen Veranstaltungen finden Sie unter <a href=\"https:\/\/rwnart.de\/index.php\/aktuell\/\" data-type=\"page\" data-id=\"47\" target=\"_blank\" rel=\"noreferrer noopener\">Aktuell.<\/a><\/p>\n\n\n\n<figure class=\"wp-block-image size-large\"><img loading=\"lazy\" decoding=\"async\" width=\"1024\" height=\"683\" src=\"https:\/\/rwnart.de\/wp-content\/uploads\/2025\/12\/Wartung_background_1-1024x683.jpg\" alt=\"\" class=\"wp-image-18\" srcset=\"https:\/\/rwnart.de\/wp-content\/uploads\/2025\/12\/Wartung_background_1-1024x683.jpg 1024w, https:\/\/rwnart.de\/wp-content\/uploads\/2025\/12\/Wartung_background_1-300x200.jpg 300w, https:\/\/rwnart.de\/wp-content\/uploads\/2025\/12\/Wartung_background_1-768x512.jpg 768w, https:\/\/rwnart.de\/wp-content\/uploads\/2025\/12\/Wartung_background_1-1536x1024.jpg 1536w, https:\/\/rwnart.de\/wp-content\/uploads\/2025\/12\/Wartung_background_1.jpg 1920w\" sizes=\"auto, (max-width: 706px) 89vw, (max-width: 767px) 82vw, 740px\" \/><\/figure>\n","protected":false},"excerpt":{"rendered":"<p>Unser Verein RWN ART &#8211; Verein zur F\u00f6rderung moderner Kunst Neubrandenburg e. V. wurde gegr\u00fcndet, um Kunst und Kultur in der Region zu f\u00f6rdern. Als gemeinn\u00fctziger Verein erm\u00f6glichen wir regionalen, nationalen und internationalen K\u00fcnstlerinnen und K\u00fcnstlern ihre Werke unter anderem in unserer Galerie am Hafen auf dem RWN-Gel\u00e4nde in Neubrandenburg auszustellen. Mit der Ausstellung von &hellip; <\/p>\n<p class=\"link-more\"><a href=\"https:\/\/rwnart.de\/\" class=\"more-link\"><span class=\"screen-reader-text\">\u201eWillkommen beim RWN ART e.V.\u201c <\/span>weiterlesen<\/a><\/p>\n","protected":false},"author":1,"featured_media":0,"parent":0,"menu_order":0,"comment_status":"closed","ping_status":"closed","template":"","meta":{"ngg_post_thumbnail":0,"footnotes":""},"class_list":["post-42","page","type-page","status-publish","hentry"],"_links":{"self":[{"href":"https:\/\/rwnart.de\/index.php\/wp-json\/wp\/v2\/pages\/42","targetHints":{"allow":["GET"]}}],"collection":[{"href":"https:\/\/rwnart.de\/index.php\/wp-json\/wp\/v2\/pages"}],"about":[{"href":"https:\/\/rwnart.de\/index.php\/wp-json\/wp\/v2\/types\/page"}],"author":[{"embeddable":true,"href":"https:\/\/rwnart.de\/index.php\/wp-json\/wp\/v2\/users\/1"}],"replies":[{"embeddable":true,"href":"https:\/\/rwnart.de\/index.php\/wp-json\/wp\/v2\/comments?post=42"}],"version-history":[{"count":21,"href":"https:\/\/rwnart.de\/index.php\/wp-json\/wp\/v2\/pages\/42\/revisions"}],"predecessor-version":[{"id":240,"href":"https:\/\/rwnart.de\/index.php\/wp-json\/wp\/v2\/pages\/42\/revisions\/240"}],"wp:attachment":[{"href":"https:\/\/rwnart.de\/index.php\/wp-json\/wp\/v2\/media?parent=42"}],"curies":[{"name":"wp","href":"https:\/\/api.w.org\/{rel}","templated":true}]}}