{"id":50,"date":"2026-04-11T19:24:16","date_gmt":"2026-04-11T17:24:16","guid":{"rendered":"https:\/\/rwnart.de\/?page_id=50"},"modified":"2026-04-15T06:41:31","modified_gmt":"2026-04-15T04:41:31","slug":"verein","status":"publish","type":"page","link":"https:\/\/rwnart.de\/index.php\/verein\/","title":{"rendered":"Verein"},"content":{"rendered":"\n<p>Der Verein RWN ART \u2013 Verein zur F\u00f6rderung moderner Kunst Neubrandenburg e. V. wurde am 24. M\u00e4rz 2015 in Neubrandenburg gegr\u00fcndet.<\/p>\n\n\n\n<p>Vorstand: <br>Vorsitzender: Olaf Jammrath<br>1. Stellvertreter: Patrick Wielandt<br>2. Stellvertreterin: Juliane Brachwitz (Juli Schupa)<br>Kassenwartin: Daniela Tr\u00e4ger<br>Schriftf\u00fchrerin: Caterina Muth<\/p>\n\n\n\n<p>Ein Verein lebt von den Mitgliedern. Wenn Sie Mitglied werden m\u00f6chten, k\u00f6nnen Sie hier den Mitgliedsantrag ausf\u00fcllen, downloaden, unterschreiben und uns zusenden.<\/p>\n\n\n\n<figure class=\"wp-block-image size-full\"><a href=\"https:\/\/rwnart.de\/wp-content\/uploads\/2026\/04\/260412RWN_Art_Mitgliedsantrag-Formular.pdf\" target=\"_blank\" rel=\"Mitgliedsantrag\"><img loading=\"lazy\" decoding=\"async\" width=\"768\" height=\"251\" src=\"https:\/\/rwnart.de\/wp-content\/uploads\/2026\/04\/Mitgliedsantrag_Bild.jpg\" alt=\"\" class=\"wp-image-158\" srcset=\"https:\/\/rwnart.de\/wp-content\/uploads\/2026\/04\/Mitgliedsantrag_Bild.jpg 768w, https:\/\/rwnart.de\/wp-content\/uploads\/2026\/04\/Mitgliedsantrag_Bild-300x98.jpg 300w\" sizes=\"auto, (max-width: 706px) 89vw, (max-width: 767px) 82vw, 740px\" \/><\/a><\/figure>\n\n\n\n<p><\/p>\n\n\n\n<p>Hier finden Sie unsere Satzung. Sie wird derzeit \u00fcberarbeitet und dann an dieser Stelle aktualisiert.<\/p>\n\n\n\n<figure class=\"wp-block-image size-full\"><a href=\"https:\/\/rwnart.de\/wp-content\/uploads\/2026\/04\/150324Satzung_RWNart.pdf\" target=\"_blank\" rel=\"Satzung\"><img loading=\"lazy\" decoding=\"async\" width=\"768\" height=\"251\" src=\"https:\/\/rwnart.de\/wp-content\/uploads\/2026\/04\/Satzung_Bild.jpg\" alt=\"\" class=\"wp-image-160\" srcset=\"https:\/\/rwnart.de\/wp-content\/uploads\/2026\/04\/Satzung_Bild.jpg 768w, https:\/\/rwnart.de\/wp-content\/uploads\/2026\/04\/Satzung_Bild-300x98.jpg 300w\" sizes=\"auto, (max-width: 706px) 89vw, (max-width: 767px) 82vw, 740px\" \/><\/a><\/figure>\n","protected":false},"excerpt":{"rendered":"<p>Der Verein RWN ART \u2013 Verein zur F\u00f6rderung moderner Kunst Neubrandenburg e. V. wurde am 24. M\u00e4rz 2015 in Neubrandenburg gegr\u00fcndet. Vorstand: Vorsitzender: Olaf Jammrath1. Stellvertreter: Patrick Wielandt2. Stellvertreterin: Juliane Brachwitz (Juli Schupa)Kassenwartin: Daniela Tr\u00e4gerSchriftf\u00fchrerin: Caterina Muth Ein Verein lebt von den Mitgliedern. Wenn Sie Mitglied werden m\u00f6chten, k\u00f6nnen Sie hier den Mitgliedsantrag ausf\u00fcllen, downloaden, &hellip; <\/p>\n<p class=\"link-more\"><a href=\"https:\/\/rwnart.de\/index.php\/verein\/\" class=\"more-link\"><span class=\"screen-reader-text\">\u201eVerein\u201c <\/span>weiterlesen<\/a><\/p>\n","protected":false},"author":1,"featured_media":0,"parent":0,"menu_order":0,"comment_status":"closed","ping_status":"closed","template":"","meta":{"ngg_post_thumbnail":0,"footnotes":""},"class_list":["post-50","page","type-page","status-publish","hentry"],"_links":{"self":[{"href":"https:\/\/rwnart.de\/index.php\/wp-json\/wp\/v2\/pages\/50","targetHints":{"allow":["GET"]}}],"collection":[{"href":"https:\/\/rwnart.de\/index.php\/wp-json\/wp\/v2\/pages"}],"about":[{"href":"https:\/\/rwnart.de\/index.php\/wp-json\/wp\/v2\/types\/page"}],"author":[{"embeddable":true,"href":"https:\/\/rwnart.de\/index.php\/wp-json\/wp\/v2\/users\/1"}],"replies":[{"embeddable":true,"href":"https:\/\/rwnart.de\/index.php\/wp-json\/wp\/v2\/comments?post=50"}],"version-history":[{"count":8,"href":"https:\/\/rwnart.de\/index.php\/wp-json\/wp\/v2\/pages\/50\/revisions"}],"predecessor-version":[{"id":221,"href":"https:\/\/rwnart.de\/index.php\/wp-json\/wp\/v2\/pages\/50\/revisions\/221"}],"wp:attachment":[{"href":"https:\/\/rwnart.de\/index.php\/wp-json\/wp\/v2\/media?parent=50"}],"curies":[{"name":"wp","href":"https:\/\/api.w.org\/{rel}","templated":true}]}}